{"id":27581,"date":"2020-12-05T17:42:09","date_gmt":"2020-12-05T16:42:09","guid":{"rendered":"https:\/\/urbanflavour.pl\/portfolio-virtual-walks\/"},"modified":"2021-02-28T09:43:58","modified_gmt":"2021-02-28T08:43:58","slug":"portfolio-virtual-tours","status":"publish","type":"page","link":"https:\/\/urbanflavour.pl\/en\/portfolio-virtual-tours\/","title":{"rendered":"Portfolio &#8211; Virtual tours"},"content":{"rendered":"<div class=\"gb-container gb-container-c8d059a9\"><div class=\"gb-inside-container\">\n<div  class=\"ultp-post-grid-block wp-block-ultimate-post-post-grid-2 ultp-block-196058\"><div class=\"ultp-block-wrapper\"><div class=\"ultp-loading\"><div class=\"ultp-loading-spinner\" style=\"width:100%;height:100%\"><div><\/div><div><\/div><div><\/div><div><\/div><div><\/div><div><\/div><div><\/div><div><\/div><div><\/div><div><\/div><div><\/div><div><\/div><\/div><\/div><div class=\"ultp-heading-filter\"><div class=\"ultp-heading-filter-in\"><div class=\"ultp-filter-navigation\"><\/div><\/div><\/div><div class=\"ultp-block-items-wrap ultp-block-row\"><div class=\"ultp-block-item post-id-28950 ultp-animation-slideup\"><div class=\"ultp-block-content-wrap ultp-block-content-overlay\"><div class=\"ultp-block-image ultp-block-image-none ultp-block-image-overlay ultp-block-image-custom\"><a href=\"https:\/\/urbanflavour.pl\/en\/virtual-walk-sports-hall\/\" ><img decoding=\"async\" alt=\"Virtual Walk around the sports hall in Marki\" src=\"https:\/\/urbanflavour.pl\/wp-content\/uploads\/2020\/12\/wirtualny-spacer-hala-sportowa-marki-830x519.jpg\" title=\"Urbanflavour.pl\"><\/a><\/div><div class=\"ultp-block-content ultp-block-content-middlePosition\"><div class=\"ultp-block-content-inner\"><h3 class=\"ultp-block-title \"><a href=\"https:\/\/urbanflavour.pl\/en\/virtual-walk-sports-hall\/\" >Sports Hall<\/a><\/h3><\/div><\/div><\/div><\/div><div class=\"ultp-block-item post-id-32464 ultp-animation-slideup\"><div class=\"ultp-block-content-wrap ultp-block-content-overlay\"><div class=\"ultp-block-image ultp-block-image-none ultp-block-image-overlay ultp-block-image-custom\"><a href=\"https:\/\/urbanflavour.pl\/en\/how-to-add-virtual-walk-on-site-wordpress\/\" ><img decoding=\"async\" alt=\"How to add a virtual tour on a WordPress website?\" src=\"https:\/\/urbanflavour.pl\/wp-content\/uploads\/2021\/03\/Jak-dodac-wirtualny-spacer-na-stronie-Wordpress-830x467.jpg\" title=\"Urbanflavour.pl\"><\/a><\/div><div class=\"ultp-block-content ultp-block-content-middlePosition\"><div class=\"ultp-block-content-inner\"><h3 class=\"ultp-block-title \"><a href=\"https:\/\/urbanflavour.pl\/en\/how-to-add-virtual-walk-on-site-wordpress\/\" >8 steps how to add a virtual tour to a WordPress website?<\/a><\/h3><\/div><\/div><\/div><\/div><div class=\"ultp-block-item post-id-28917 ultp-animation-slideup\"><div class=\"ultp-block-content-wrap ultp-block-content-overlay\"><div class=\"ultp-block-image ultp-block-image-none ultp-block-image-overlay ultp-block-image-custom\"><a href=\"https:\/\/urbanflavour.pl\/en\/virtual-walk-dental-clinic\/\" ><img decoding=\"async\" alt=\"Virtual tour of the dental clinic\" src=\"https:\/\/urbanflavour.pl\/wp-content\/uploads\/2021\/02\/wirtualny-spacer-klinika-stomatologiczna-1-830x553.jpg\" title=\"Urbanflavour.pl\"><\/a><\/div><div class=\"ultp-block-content ultp-block-content-middlePosition\"><div class=\"ultp-block-content-inner\"><h3 class=\"ultp-block-title \"><a href=\"https:\/\/urbanflavour.pl\/en\/virtual-walk-dental-clinic\/\" >dentist clinic<\/a><\/h3><\/div><\/div><\/div><\/div><div class=\"ultp-block-item post-id-28910 ultp-animation-slideup\"><div class=\"ultp-block-content-wrap ultp-block-content-overlay\"><div class=\"ultp-block-image ultp-block-image-none ultp-block-image-overlay ultp-block-image-custom\"><a href=\"https:\/\/urbanflavour.pl\/en\/ward-kindergarten-virtual-walk\/\" ><img decoding=\"async\" alt=\"virtual walk kindergarten warsaw\" src=\"https:\/\/urbanflavour.pl\/wp-content\/uploads\/2021\/02\/wirtualny-spacer-przedszkole-warszawa-830x553.jpg\" title=\"Urbanflavour.pl\"><\/a><\/div><div class=\"ultp-block-content ultp-block-content-middlePosition\"><div class=\"ultp-block-content-inner\"><h3 class=\"ultp-block-title \"><a href=\"https:\/\/urbanflavour.pl\/en\/ward-kindergarten-virtual-walk\/\" >Kindergarden In Warsaw<\/a><\/h3><\/div><\/div><\/div><\/div><div class=\"ultp-block-item post-id-28942 ultp-animation-slideup\"><div class=\"ultp-block-content-wrap ultp-block-content-overlay\"><div class=\"ultp-block-image ultp-block-image-none ultp-block-image-overlay ultp-block-image-custom\"><a href=\"https:\/\/urbanflavour.pl\/en\/flat-in-naleczowska\/\" ><img decoding=\"async\" alt=\"Virtual tour of the apartment for sale\" src=\"https:\/\/urbanflavour.pl\/wp-content\/uploads\/2021\/02\/wirtualny-spacer-mieszaknie-na-sprzedaz-warszawa-830x553.jpg\" title=\"Urbanflavour.pl\"><\/a><\/div><div class=\"ultp-block-content ultp-block-content-middlePosition\"><div class=\"ultp-block-content-inner\"><h3 class=\"ultp-block-title \"><a href=\"https:\/\/urbanflavour.pl\/en\/flat-in-naleczowska\/\" >Flat for sale on Na\u0142\u0119czowska street<\/a><\/h3><\/div><\/div><\/div><\/div><div class=\"ultp-block-item post-id-28934 ultp-animation-slideup\"><div class=\"ultp-block-content-wrap ultp-block-content-overlay\"><div class=\"ultp-block-image ultp-block-image-none ultp-block-image-overlay ultp-block-image-custom\"><a href=\"https:\/\/urbanflavour.pl\/en\/flat-on-market\/\" ><img decoding=\"async\" alt=\"virtual tour - apartment for sale\" src=\"https:\/\/urbanflavour.pl\/wp-content\/uploads\/2021\/02\/Wirtualny-spacer-mieszkanie-na-sprzedaz-1-830x557.jpg\" title=\"Urbanflavour.pl\"><\/a><\/div><div class=\"ultp-block-content ultp-block-content-middlePosition\"><div class=\"ultp-block-content-inner\"><h3 class=\"ultp-block-title \"><a href=\"https:\/\/urbanflavour.pl\/en\/flat-on-market\/\" >Apartment in Targ\u00f3wek for sale<\/a><\/h3><\/div><\/div><\/div><\/div><\/div><div class=\"ultp-pagination-wrap ultp-pagination-ajax-action\" data-paged=\"1\" data-expost=\"\"  data-blockid=\"196058\" data-postid=\"27581\" data-pages=\"3\" data-blockname=\"ultimate-post_post-grid-2\" data-selfpostid=\"no\"><ul class=\"ultp-pagination\"><li class=\"ultp-prev-page-numbers\" style=\"display:none\"><a href=\"https:\/\/urbanflavour.pl\/en\/wp-json\/wp\/v2\/pages\/27581\/\"><svg xmlns=\"http:\/\/www.w3.org\/2000\/svg\" fill=\"none\" viewBox=\"0 0 24 24\">\n  <path stroke=\"currentColor\" stroke-linecap=\"round\" stroke-linejoin=\"round\" stroke-width=\"1.5\" d=\"m15 18-6-6 6-6\"\/>\n<\/svg>\n <\/a><\/li><li class=\"ultp-center-item pagination-active\" data-current=\"1\"><a href=\"https:\/\/urbanflavour.pl\/en\/wp-json\/wp\/v2\/pages\/27581\/\">1<\/a><\/li><li class=\"ultp-center-item\" data-current=\"2\" ><a href=\"https:\/\/urbanflavour.pl\/en\/wp-json\/wp\/v2\/pages\/27581\/page\/2\/\">2<\/a><\/li><li class=\"ultp-center-item\" data-current=\"3\" ><a href=\"https:\/\/urbanflavour.pl\/en\/wp-json\/wp\/v2\/pages\/27581\/page\/3\/\">3<\/a><\/li><li class=\"ultp-next-page-numbers\"><a href=\"https:\/\/urbanflavour.pl\/en\/wp-json\/wp\/v2\/pages\/27581\/page\/2\/\"><svg xmlns=\"http:\/\/www.w3.org\/2000\/svg\" fill=\"none\" viewBox=\"0 0 24 24\">\n  <path stroke=\"currentColor\" stroke-linecap=\"round\" stroke-linejoin=\"round\" stroke-width=\"1.5\" d=\"m9 18 6-6-6-6\"\/>\n<\/svg>\n<\/a><\/li><\/ul><\/div><\/div><div class=\"pagination-block-html\" aria-hidden=\"true\" style=\"display: none;\"><\/div><\/div>\n<\/div><\/div>\n\n<div class=\"gb-container gb-container-b5a10cb8\"><div class=\"gb-inside-container\">\n\n<p class=\"has-text-align-center\">Do you like my photos and are you looking for a photographer? Write a message or check the offer.<\/p>\n\n\n<div class=\"gb-button-wrapper gb-button-wrapper-53720dc9\">\n\n<a class=\"gb-button gb-button-a575732e gb-button-text\" href=\"https:\/\/urbanflavour.pl\/en\/contact\/\">contact<\/a>\n\n<\/div>\n<\/div><\/div>","protected":false},"excerpt":{"rendered":"<p>Do you like my photos and are you looking for a photographer? Write a message or check the offer.<\/p>\n","protected":false},"author":1,"featured_media":23867,"parent":0,"menu_order":0,"comment_status":"closed","ping_status":"closed","template":"","meta":{"footnotes":""},"class_list":{"0":"post-27581","1":"page","2":"type-page","3":"status-publish","4":"has-post-thumbnail","6":"infinite-scroll-item"},"featured_image_urls_v2":{"full":["https:\/\/urbanflavour.pl\/wp-content\/uploads\/2020\/12\/wirtualny-spacer-magazyn-showroom-2.jpg",1920,1080,false],"thumbnail":["https:\/\/urbanflavour.pl\/wp-content\/uploads\/2020\/12\/wirtualny-spacer-magazyn-showroom-2-500x281.jpg",500,281,true],"medium":["https:\/\/urbanflavour.pl\/wp-content\/uploads\/2020\/12\/wirtualny-spacer-magazyn-showroom-2-830x467.jpg",830,467,true],"medium_large":["https:\/\/urbanflavour.pl\/wp-content\/uploads\/2020\/12\/wirtualny-spacer-magazyn-showroom-2.jpg",768,432,false],"large":["https:\/\/urbanflavour.pl\/wp-content\/uploads\/2020\/12\/wirtualny-spacer-magazyn-showroom-2-1024x576.jpg",1024,576,true],"1536x1536":["https:\/\/urbanflavour.pl\/wp-content\/uploads\/2020\/12\/wirtualny-spacer-magazyn-showroom-2.jpg",1536,864,false],"2048x2048":["https:\/\/urbanflavour.pl\/wp-content\/uploads\/2020\/12\/wirtualny-spacer-magazyn-showroom-2.jpg",1920,1080,false],"gform-image-choice-sm":["https:\/\/urbanflavour.pl\/wp-content\/uploads\/2020\/12\/wirtualny-spacer-magazyn-showroom-2.jpg",300,169,false],"gform-image-choice-md":["https:\/\/urbanflavour.pl\/wp-content\/uploads\/2020\/12\/wirtualny-spacer-magazyn-showroom-2.jpg",400,225,false],"gform-image-choice-lg":["https:\/\/urbanflavour.pl\/wp-content\/uploads\/2020\/12\/wirtualny-spacer-magazyn-showroom-2.jpg",600,338,false]},"post_excerpt_stackable_v2":"<p>Sports Hall8 steps how to add a virtual tour to a WordPress website?dentist clinicKindergarden In WarsawFlat for sale on Na\u0142\u0119czowska streetApartment in Targ\u00f3wek for sale 123 Do you like my photos and are you looking for a photographer? Write a message or check the offer. contact<\/p>\n","category_list_v2":"","author_info_v2":{"name":"Marcin Krokowski","url":"https:\/\/urbanflavour.pl\/en\/author\/marcin_d3rfw32\/"},"comments_num_v2":"0 comments","_links":{"self":[{"href":"https:\/\/urbanflavour.pl\/en\/wp-json\/wp\/v2\/pages\/27581","targetHints":{"allow":["GET"]}}],"collection":[{"href":"https:\/\/urbanflavour.pl\/en\/wp-json\/wp\/v2\/pages"}],"about":[{"href":"https:\/\/urbanflavour.pl\/en\/wp-json\/wp\/v2\/types\/page"}],"author":[{"embeddable":true,"href":"https:\/\/urbanflavour.pl\/en\/wp-json\/wp\/v2\/users\/1"}],"replies":[{"embeddable":true,"href":"https:\/\/urbanflavour.pl\/en\/wp-json\/wp\/v2\/comments?post=27581"}],"version-history":[{"count":0,"href":"https:\/\/urbanflavour.pl\/en\/wp-json\/wp\/v2\/pages\/27581\/revisions"}],"wp:featuredmedia":[{"embeddable":true,"href":"https:\/\/urbanflavour.pl\/en\/wp-json\/wp\/v2\/media\/23867"}],"wp:attachment":[{"href":"https:\/\/urbanflavour.pl\/en\/wp-json\/wp\/v2\/media?parent=27581"}],"curies":[{"name":"wp","href":"https:\/\/api.w.org\/{rel}","templated":true}]}}