{"id":27600,"date":"2020-11-27T19:46:29","date_gmt":"2020-11-27T18:46:29","guid":{"rendered":"https:\/\/urbanflavour.pl\/about-me\/"},"modified":"2024-05-06T14:17:22","modified_gmt":"2024-05-06T12:17:22","slug":"about-me","status":"publish","type":"page","link":"https:\/\/urbanflavour.pl\/en\/about-me\/","title":{"rendered":"About me"},"content":{"rendered":"<div class=\"gb-container gb-container-7923ad9f\"><div class=\"gb-inside-container\">\n<div class=\"gb-grid-wrapper gb-grid-wrapper-df3f784d\">\n<div class=\"gb-grid-column gb-grid-column-432c32f4\"><div class=\"gb-container gb-container-432c32f4\"><div class=\"gb-inside-container\">\n\n<h2 class=\"gb-headline gb-headline-dcb8be16 gb-headline-text\">Hi!<\/h2>\n\n\n\n<p class=\"has-text-align-justify\">my name is <strong>Marcin Krokowski<\/strong> , I&#8217;m 33 years old and I&#8217;m the creator of the <a class=\"ek-link\" href=\"http:\/\/Urbanflavour.pl\" target=\"_blank\" rel=\"noopener\">Urbanflavour.pl<\/a> brand, under which I work as an advertising photographer in Warsaw, \u0141\u00f3d\u017a, Wroc\u0142aw, Pozna\u0144, Krakow and Katowice. W mojej ofercie znajdziecie <strong><a class=\"ek-link\" href=\"https:\/\/urbanflavour.pl\/en\/event-photography-offer\/\">fotografi\u0119 eventow\u0105<\/a>, fotografi\u0119 reklamow\u0105, <a class=\"rank-math-link\" href=\"https:\/\/urbanflavour.pl\/en\/photography-interior-offer\/\">fotografi\u0119 wn\u0119trz<\/a> i wirtualne spacery Google Street View.<\/strong>Dzia\u0142am jako Rekomendowany Fotograf Google Street View Trusted tworz\u0105c <a class=\"rank-math-link\" href=\"https:\/\/urbanflavour.pl\/en\/virtual-walk-offer\/\">wirtualne spacery dla lokalnych biznes\u00f3w. <\/a> <\/p>\n\n<\/div><\/div><\/div>\n\n<div class=\"gb-grid-column gb-grid-column-0e8e176d\"><div class=\"gb-container gb-container-0e8e176d\"><div class=\"gb-inside-container\">\n<div class=\"wp-block-image is-style-default\">\n<figure class=\"aligncenter size-thumbnail\"><img loading=\"lazy\" decoding=\"async\" width=\"500\" height=\"500\" src=\"https:\/\/urbanflavour.pl\/wp-content\/uploads\/2020\/11\/portret-kwadrat-marcin-krokowski-500x500.jpg\" alt=\"Event photographer - Marcin Krokowski\" class=\"wp-image-18611\" title=\"Urbanflavour.pl\" srcset=\"https:\/\/urbanflavour.pl\/wp-content\/uploads\/2020\/11\/portret-kwadrat-marcin-krokowski-500x500.jpg 500w, https:\/\/urbanflavour.pl\/wp-content\/uploads\/2020\/11\/portret-kwadrat-marcin-krokowski-830x830.jpg 830w, https:\/\/urbanflavour.pl\/wp-content\/uploads\/2020\/11\/portret-kwadrat-marcin-krokowski-1024x1024.jpg 1024w, https:\/\/urbanflavour.pl\/wp-content\/uploads\/2020\/11\/portret-kwadrat-marcin-krokowski.jpg 2048w\" sizes=\"auto, (max-width: 500px) 100vw, 500px\" \/><\/figure>\n<\/div>\n<\/div><\/div><\/div>\n<\/div>\n<\/div><\/div><div class=\"gb-container gb-container-691454b8\"><div class=\"gb-inside-container\">\n<div class=\"gb-grid-wrapper gb-grid-wrapper-2d82a36c\">\n<div class=\"gb-grid-column gb-grid-column-a4812998\"><div class=\"gb-container gb-container-a4812998\"><div class=\"gb-inside-container\">\n<div class=\"wp-block-image\">\n<figure class=\"aligncenter size-thumbnail\"><a href=\"https:\/\/urbanflavour.pl\/en\/the-10-anniversary-it-company\/\"><img loading=\"lazy\" decoding=\"async\" width=\"500\" height=\"334\" src=\"https:\/\/urbanflavour.pl\/wp-content\/uploads\/2020\/12\/fotorelacja-z-gali-firmowej-warszawa-forteca-26-500x334.jpg\" alt=\"Happy sad guitarist\" class=\"wp-image-19111\" title=\"Urbanflavour.pl\" srcset=\"https:\/\/urbanflavour.pl\/wp-content\/uploads\/2020\/12\/fotorelacja-z-gali-firmowej-warszawa-forteca-26-500x334.jpg 500w, https:\/\/urbanflavour.pl\/wp-content\/uploads\/2020\/12\/fotorelacja-z-gali-firmowej-warszawa-forteca-26-830x554.jpg 830w, https:\/\/urbanflavour.pl\/wp-content\/uploads\/2020\/12\/fotorelacja-z-gali-firmowej-warszawa-forteca-26-1024x684.jpg 1024w, https:\/\/urbanflavour.pl\/wp-content\/uploads\/2020\/12\/fotorelacja-z-gali-firmowej-warszawa-forteca-26.jpg 1400w\" sizes=\"auto, (max-width: 500px) 100vw, 500px\" \/><\/a><\/figure>\n<\/div>\n<\/div><\/div><\/div>\n\n<div class=\"gb-grid-column gb-grid-column-0ad57da7\"><div class=\"gb-container gb-container-0ad57da7\"><div class=\"gb-inside-container\">\n\n<h2 class=\"gb-headline gb-headline-60633e8d gb-headline-text\">I photograph events<\/h2>\n\n\n\n<p class=\"has-text-align-justify has-white-color has-text-color\">I create photo reports and photos that help my clients promote their events, which they can boast about on the Internet for a long time. I am a professional photographer with many years of experience in photo coverage. I use professional hardware and legal Adobe software to ensure the highest level of service, from start to finish, in all conditions.<\/p>\n\n<\/div><\/div><\/div>\n<\/div>\n\n<div class=\"gb-grid-wrapper gb-grid-wrapper-593bcde7\">\n<div class=\"gb-grid-column gb-grid-column-f5bab8ec\"><div class=\"gb-container gb-container-f5bab8ec\"><div class=\"gb-inside-container\">\n\n<h2 class=\"gb-headline gb-headline-81900bc5 gb-headline-text\">How did it start?<\/h2>\n\n\n\n<p class=\"has-text-align-justify has-white-color has-text-color\">I have been photographing events since 2012. While learning how to organize advertising, together with a classmate, we were looking for interesting events that would be fun to photograph. I took my camera everywhere and photographed all the interesting events in Warsaw &#8211; fairs, events, concerts where I met a lot of interesting people. In this way, I developed my style and established the first cooperation with people who did events that I like, and I gave unique photos with which they could promote their fairs or events. Now I offer my clients photos as an event photographer with extensive experience. See for yourself by checking into<a class=\"rank-math-link\" href=\"https:\/\/urbanflavour.pl\/portfolio-fotografia-eventowa\/\"><strong><mark style=\"background-color:rgba(0, 0, 0, 0)\" class=\"has-inline-color has-white-color\"> portfolio<\/mark><\/strong><\/a> .<\/p>\n\n<\/div><\/div><\/div>\n\n<div class=\"gb-grid-column gb-grid-column-e7713391\"><div class=\"gb-container gb-container-e7713391\"><div class=\"gb-inside-container\">\n<div class=\"wp-block-image\">\n<figure class=\"aligncenter size-medium is-resized\"><img loading=\"lazy\" decoding=\"async\" src=\"https:\/\/urbanflavour.pl\/wp-content\/uploads\/2021\/01\/fotospacer-frisco-warszawa-14-830x554.jpg\" alt=\"Guest in an orange vest\" class=\"wp-image-25617\" style=\"width:500px;height:334px\" width=\"500\" height=\"334\" title=\"Urbanflavour.pl\" srcset=\"https:\/\/urbanflavour.pl\/wp-content\/uploads\/2021\/01\/fotospacer-frisco-warszawa-14-830x554.jpg 830w, https:\/\/urbanflavour.pl\/wp-content\/uploads\/2021\/01\/fotospacer-frisco-warszawa-14-1024x684.jpg 1024w, https:\/\/urbanflavour.pl\/wp-content\/uploads\/2021\/01\/fotospacer-frisco-warszawa-14-500x334.jpg 500w, https:\/\/urbanflavour.pl\/wp-content\/uploads\/2021\/01\/fotospacer-frisco-warszawa-14.jpg 1400w\" sizes=\"auto, (max-width: 500px) 100vw, 500px\" \/><\/figure>\n<\/div>\n<\/div><\/div><\/div>\n<\/div>\n<\/div><\/div><div class=\"gb-container gb-container-9c726972\"><div class=\"gb-inside-container\">\n\n<blockquote class=\"wp-block-quote has-text-align-center is-style-large is-layout-flow wp-block-quote-is-layout-flow\">\n<p><mark style=\"background-color:rgba(0, 0, 0, 0)\" class=\"has-inline-color has-white-color\">\u201cOnly shoot what you like or interest. But bear in mind that Van Gogh was able to take old shoes as the subject of the painting and create a masterpiece &#8221; <\/mark><\/p>\n<cite><em><span class=\"has-inline-color has-white-color\">Jan Sunderland<\/span><\/em><\/cite><\/blockquote>\n\n<\/div><\/div><div class=\"gb-container gb-container-c4fbc992\"><div class=\"gb-inside-container\">\n<div class=\"gb-grid-wrapper gb-grid-wrapper-a8de4743\">\n<div class=\"gb-grid-column gb-grid-column-6cad5ed7\"><div class=\"gb-container gb-container-6cad5ed7\"><div class=\"gb-inside-container\">\n\n<h2 class=\"gb-headline gb-headline-b75d1095 gb-headline-text\">Who am I privately?<\/h2>\n\n\n\n<p class=\"has-text-align-justify\">Photography is not only a profession for me, but also a passion that consumes a lot of time at the computer. Still, I&#8217;m not the type of person who can sit in one place for a long time. I am fascinated by travelling, discovering unknown corners of the world and cultural diversity. Running and cycling are my favorite activities that allow me to recharge my batteries.<\/p>\n\n<\/div><\/div><\/div>\n\n<div class=\"gb-grid-column gb-grid-column-2c65a61e\"><div class=\"gb-container gb-container-2c65a61e\"><div class=\"gb-inside-container\">\n<div class=\"wp-block-image\">\n<figure class=\"alignleft size-medium is-resized\"><img decoding=\"async\" src=\"https:\/\/urbanflavour.pl\/wp-content\/uploads\/2021\/01\/marcin-krokowski-urbanflavour-fotograf-830x553.jpg\" alt=\"Marcin Krokowski - Event Photographer\" class=\"wp-image-25494\" style=\"width:500px\" width=\"500\" title=\"Urbanflavour.pl\" srcset=\"https:\/\/urbanflavour.pl\/wp-content\/uploads\/2021\/01\/marcin-krokowski-urbanflavour-fotograf-830x553.jpg 830w, https:\/\/urbanflavour.pl\/wp-content\/uploads\/2021\/01\/marcin-krokowski-urbanflavour-fotograf-1024x682.jpg 1024w, https:\/\/urbanflavour.pl\/wp-content\/uploads\/2021\/01\/marcin-krokowski-urbanflavour-fotograf-500x333.jpg 500w, https:\/\/urbanflavour.pl\/wp-content\/uploads\/2021\/01\/marcin-krokowski-urbanflavour-fotograf.jpg 1400w\" sizes=\"(max-width: 830px) 100vw, 830px\" \/><\/figure>\n<\/div>\n<\/div><\/div><\/div>\n<\/div>\n\n<div class=\"gb-grid-wrapper gb-grid-wrapper-fceb6a01\">\n<div class=\"gb-grid-column gb-grid-column-afe26c77\"><div class=\"gb-container gb-container-afe26c77\"><div class=\"gb-inside-container\">\n<div class=\"wp-block-image\">\n<figure class=\"aligncenter size-medium is-resized\"><img loading=\"lazy\" decoding=\"async\" src=\"https:\/\/urbanflavour.pl\/wp-content\/uploads\/2020\/12\/Uyuni-La-Paz-Boliwia-podroz-pustynia-ameryka-2-830x623.jpg\" alt=\"What you can see in the deserts of Bolivia\" class=\"wp-image-21490\" style=\"width:500px;height:375px\" width=\"500\" height=\"375\" title=\"Urbanflavour.pl\" srcset=\"https:\/\/urbanflavour.pl\/wp-content\/uploads\/2020\/12\/Uyuni-La-Paz-Boliwia-podroz-pustynia-ameryka-2-830x623.jpg 830w, https:\/\/urbanflavour.pl\/wp-content\/uploads\/2020\/12\/Uyuni-La-Paz-Boliwia-podroz-pustynia-ameryka-2-1024x768.jpg 1024w, https:\/\/urbanflavour.pl\/wp-content\/uploads\/2020\/12\/Uyuni-La-Paz-Boliwia-podroz-pustynia-ameryka-2-500x375.jpg 500w, https:\/\/urbanflavour.pl\/wp-content\/uploads\/2020\/12\/Uyuni-La-Paz-Boliwia-podroz-pustynia-ameryka-2.jpg 1400w\" sizes=\"auto, (max-width: 500px) 100vw, 500px\" \/><\/figure>\n<\/div>\n<\/div><\/div><\/div>\n\n<div class=\"gb-grid-column gb-grid-column-70a20cd1\"><div class=\"gb-container gb-container-70a20cd1\"><div class=\"gb-inside-container\">\n\n<h2 class=\"gb-headline gb-headline-693b5a78 gb-headline-text\">  I love to explore<\/h2>\n\n\n\n<p class=\"has-text-align-justify\">In the future, I dream of visiting many amazing places that I haven&#8217;t reached yet. On my bucket list are such exotic destinations as Japan, China and Vietnam. But it doesn&#8217;t stop there! Mexico is another country that I would like to see through the lens of my camera. My life adventure so far has been a trip to Peru and Bolivia, where for three weeks I immersed myself in a completely different, fascinating world.<\/p>\n\n<\/div><\/div><\/div>\n<\/div>\n<\/div><\/div>\n<div class=\"wp-block-stackable-call-to-action alignfull stk-block-call-to-action stk-block stk-a39aee8\" data-v=\"2\" data-block-id=\"a39aee8\"><style>.stk-a39aee8{min-height:400px !important;align-items:center !important;display:flex !important}<\/style><div class=\"stk-block-call-to-action__content stk-content-align stk-a39aee8-column alignwide stk-container stk-a39aee8-container stk--no-background stk--no-padding\"><div class=\"has-text-align-center stk-block-content stk-inner-blocks stk-a39aee8-inner-blocks\">\n<div class=\"wp-block-stackable-heading stk-block-heading stk-block-heading--v2 stk-block stk-ae6d258\" id=\"zajrzyj-na-bloga\" data-block-id=\"ae6d258\"><style>.stk-ae6d258{max-width:650px !important;margin-right:auto !important;margin-left:auto !important}.stk-ae6d258 .stk-block-heading__text{color:#313131 !important}<\/style><h3 class=\"stk-block-heading__text has-text-color stk-block-heading--use-theme-margins\">Check out the blog<\/h3><\/div>\n\n\n\n<div class=\"wp-block-stackable-button-group stk-block-button-group stk-block stk-401f214\" data-block-id=\"401f214\"><div class=\"stk-row stk-inner-blocks stk-block-content stk-button-group\">\n<div class=\"wp-block-stackable-button stk-block-button is-style-ghost stk-block stk-036a8d1\" data-block-id=\"036a8d1\"><style>.stk-036a8d1 .stk-button{padding-right:24px !important;padding-left:24px !important;background:transparent !important}.stk-036a8d1 .stk-button:hover:after{background:var(--background) !important;opacity:1 !important}:where(.stk-hover-parent:hover,.stk-hover-parent.stk--is-hovered) .stk-036a8d1 .stk-button:after{background:transparent !important;opacity:1 !important}.stk-036a8d1 .stk-button:before{border-style:solid !important;border-color:#313131 !important}.stk-036a8d1 .stk-button .stk--inner-svg svg:last-child,.stk-036a8d1 .stk-button .stk--inner-svg svg:last-child :is(g,path,rect,polygon,ellipse){fill:#313131 !important}.stk-036a8d1 .stk-button__inner-text{color:var(--contrast) !important;font-weight:500 !important}.stk-036a8d1 .stk-button:hover .stk-button__inner-text{color:var(--contrast-2) !important}<\/style><a class=\"stk-link stk-button stk--hover-effect-darken\" href=\"https:\/\/urbanflavour.pl\/en\/blog\/\" title=\"Blog\"><span class=\"stk--svg-wrapper\"><div class=\"stk--inner-svg\"><svg aria-hidden=\"true\" focusable=\"false\" data-prefix=\"fas\" data-icon=\"plane\" class=\"svg-inline--fa fa-plane fa-w-18\" xmlns=\"http:\/\/www.w3.org\/2000\/svg\" viewbox=\"0 0 576 512\" width=\"32\" height=\"32\"><path fill=\"currentColor\" d=\"M480 192H365.71L260.61 8.06A16.014 16.014 0 0 0 246.71 0h-65.5c-10.63 0-18.3 10.17-15.38 20.39L214.86 192H112l-43.2-57.6c-3.02-4.03-7.77-6.4-12.8-6.4H16.01C5.6 128-2.04 137.78.49 147.88L32 256 .49 364.12C-2.04 374.22 5.6 384 16.01 384H56c5.04 0 9.78-2.37 12.8-6.4L112 320h102.86l-49.03 171.6c-2.92 10.22 4.75 20.4 15.38 20.4h65.5c5.74 0 11.04-3.08 13.89-8.06L365.71 320H480c35.35 0 96-28.65 96-64s-60.65-64-96-64z\"><\/path><\/svg><\/div><\/span><span class=\"has-text-color has-contrast-color stk-button__inner-text\">Go!<\/span><\/a><\/div>\n<\/div><\/div>\n<\/div><\/div><\/div>\n","protected":false},"excerpt":{"rendered":"<p>\u201cOnly shoot what you like or interest. But bear in mind that Van Gogh was able to take old shoes &#8230; <a title=\"About me\" class=\"read-more\" href=\"https:\/\/urbanflavour.pl\/en\/about-me\/\" aria-label=\"Read more about About me\">zobacz wi\u0119cej<\/a><\/p>\n","protected":false},"author":1,"featured_media":25475,"parent":0,"menu_order":0,"comment_status":"closed","ping_status":"closed","template":"","meta":{"footnotes":""},"class_list":{"0":"post-27600","1":"page","2":"type-page","3":"status-publish","4":"has-post-thumbnail","6":"infinite-scroll-item"},"featured_image_urls_v2":{"full":["https:\/\/urbanflavour.pl\/wp-content\/uploads\/2021\/01\/fotograf-warszawa-backstage-sesja-volvo-0.jpg",1920,1277,false],"thumbnail":["https:\/\/urbanflavour.pl\/wp-content\/uploads\/2021\/01\/fotograf-warszawa-backstage-sesja-volvo-0-500x333.jpg",500,333,true],"medium":["https:\/\/urbanflavour.pl\/wp-content\/uploads\/2021\/01\/fotograf-warszawa-backstage-sesja-volvo-0-830x552.jpg",830,552,true],"medium_large":["https:\/\/urbanflavour.pl\/wp-content\/uploads\/2021\/01\/fotograf-warszawa-backstage-sesja-volvo-0.jpg",768,511,false],"large":["https:\/\/urbanflavour.pl\/wp-content\/uploads\/2021\/01\/fotograf-warszawa-backstage-sesja-volvo-0-1024x681.jpg",1024,681,true],"1536x1536":["https:\/\/urbanflavour.pl\/wp-content\/uploads\/2021\/01\/fotograf-warszawa-backstage-sesja-volvo-0.jpg",1536,1022,false],"2048x2048":["https:\/\/urbanflavour.pl\/wp-content\/uploads\/2021\/01\/fotograf-warszawa-backstage-sesja-volvo-0.jpg",1920,1277,false],"gform-image-choice-sm":["https:\/\/urbanflavour.pl\/wp-content\/uploads\/2021\/01\/fotograf-warszawa-backstage-sesja-volvo-0.jpg",300,200,false],"gform-image-choice-md":["https:\/\/urbanflavour.pl\/wp-content\/uploads\/2021\/01\/fotograf-warszawa-backstage-sesja-volvo-0.jpg",400,266,false],"gform-image-choice-lg":["https:\/\/urbanflavour.pl\/wp-content\/uploads\/2021\/01\/fotograf-warszawa-backstage-sesja-volvo-0.jpg",600,399,false]},"post_excerpt_stackable_v2":"<p>Hi! my name is Marcin Krokowski , I&#8217;m 33 years old and I&#8217;m the creator of the Urbanflavour.pl brand, under which I work as an advertising photographer in Warsaw, \u0141\u00f3d\u017a, Wroc\u0142aw, Pozna\u0144, Krakow and Katowice. W mojej ofercie znajdziecie fotografi\u0119 eventow\u0105, fotografi\u0119 reklamow\u0105, fotografi\u0119 wn\u0119trz i wirtualne spacery Google Street View.Dzia\u0142am jako Rekomendowany Fotograf Google Street View Trusted tworz\u0105c wirtualne spacery dla lokalnych biznes\u00f3w. I photograph events I create photo reports and photos that help my clients promote their events, which they can boast about on the Internet for a long time. I am a professional photographer with many years&hellip;<\/p>\n","category_list_v2":"","author_info_v2":{"name":"Marcin Krokowski","url":"https:\/\/urbanflavour.pl\/en\/author\/marcin_d3rfw32\/"},"comments_num_v2":"0 comments","_links":{"self":[{"href":"https:\/\/urbanflavour.pl\/en\/wp-json\/wp\/v2\/pages\/27600","targetHints":{"allow":["GET"]}}],"collection":[{"href":"https:\/\/urbanflavour.pl\/en\/wp-json\/wp\/v2\/pages"}],"about":[{"href":"https:\/\/urbanflavour.pl\/en\/wp-json\/wp\/v2\/types\/page"}],"author":[{"embeddable":true,"href":"https:\/\/urbanflavour.pl\/en\/wp-json\/wp\/v2\/users\/1"}],"replies":[{"embeddable":true,"href":"https:\/\/urbanflavour.pl\/en\/wp-json\/wp\/v2\/comments?post=27600"}],"version-history":[{"count":4,"href":"https:\/\/urbanflavour.pl\/en\/wp-json\/wp\/v2\/pages\/27600\/revisions"}],"predecessor-version":[{"id":34368,"href":"https:\/\/urbanflavour.pl\/en\/wp-json\/wp\/v2\/pages\/27600\/revisions\/34368"}],"wp:featuredmedia":[{"embeddable":true,"href":"https:\/\/urbanflavour.pl\/en\/wp-json\/wp\/v2\/media\/25475"}],"wp:attachment":[{"href":"https:\/\/urbanflavour.pl\/en\/wp-json\/wp\/v2\/media?parent=27600"}],"curies":[{"name":"wp","href":"https:\/\/api.w.org\/{rel}","templated":true}]}}